{"id":6059,"date":"2026-02-18T15:59:43","date_gmt":"2026-02-18T15:59:43","guid":{"rendered":"https:\/\/orbcom.pt\/?page_id=6059"},"modified":"2026-02-18T16:11:14","modified_gmt":"2026-02-18T16:11:14","slug":"information-security-policy","status":"publish","type":"page","link":"https:\/\/orbcom.pt\/en\/politica-de-seguranca-da-informacao\/","title":{"rendered":"Information Security Policy"},"content":{"rendered":"<div data-elementor-type=\"wp-page\" data-elementor-id=\"6059\" class=\"elementor elementor-6059\" data-elementor-post-type=\"page\">\n\t\t\t\t<div class=\"elementor-element elementor-element-573e3c8b e-con-full e-flex e-con e-parent\" data-id=\"573e3c8b\" data-element_type=\"container\" data-e-type=\"container\">\n\t\t<div class=\"elementor-element elementor-element-d3a72b2 e-flex e-con-boxed e-con e-child\" data-id=\"d3a72b2\" data-element_type=\"container\" data-e-type=\"container\" data-settings=\"{&quot;background_background&quot;:&quot;classic&quot;}\">\n\t\t\t\t\t<div class=\"e-con-inner\">\n\t\t<div class=\"elementor-element elementor-element-053bc45 e-con-full e-flex e-con e-child\" data-id=\"053bc45\" data-element_type=\"container\" data-e-type=\"container\">\n\t\t\t\t<div class=\"elementor-element elementor-element-35bdb5c elementor-invisible elementor-widget elementor-widget-heading\" data-id=\"35bdb5c\" data-element_type=\"widget\" data-e-type=\"widget\" data-settings=\"{&quot;_animation&quot;:&quot;slideInLeft&quot;}\" data-widget_type=\"heading.default\">\n\t\t\t\t\t<h2 class=\"elementor-heading-title elementor-size-default\">Information Security Policy<\/h2>\t\t\t\t<\/div>\n\t\t\t\t<\/div>\n\t\t\t\t<div class=\"elementor-element elementor-element-6418095 elementor-widget elementor-widget-image\" data-id=\"6418095\" data-element_type=\"widget\" data-e-type=\"widget\" data-widget_type=\"image.default\">\n\t\t\t\t\t\t\t\t\t\t\t\t\t\t\t<img fetchpriority=\"high\" decoding=\"async\" width=\"2560\" height=\"325\" src=\"https:\/\/orbcom.pt\/wp-content\/uploads\/2025\/12\/logo_web-scaled.webp\" class=\"attachment-full size-full wp-image-3056\" alt=\"\" srcset=\"https:\/\/orbcom.pt\/wp-content\/uploads\/2025\/12\/logo_web-scaled.webp 2560w, https:\/\/orbcom.pt\/wp-content\/uploads\/2025\/12\/logo_web-300x38.webp 300w, https:\/\/orbcom.pt\/wp-content\/uploads\/2025\/12\/logo_web-1024x130.webp 1024w, https:\/\/orbcom.pt\/wp-content\/uploads\/2025\/12\/logo_web-768x98.webp 768w, https:\/\/orbcom.pt\/wp-content\/uploads\/2025\/12\/logo_web-1536x195.webp 1536w, https:\/\/orbcom.pt\/wp-content\/uploads\/2025\/12\/logo_web-2048x260.webp 2048w\" sizes=\"(max-width: 2560px) 100vw, 2560px\" \/>\t\t\t\t\t\t\t\t\t\t\t\t\t\t\t<\/div>\n\t\t\t\t\t<\/div>\n\t\t\t\t<\/div>\n\t\t<div class=\"elementor-element elementor-element-3974dc0 e-flex e-con-boxed e-con e-child\" data-id=\"3974dc0\" data-element_type=\"container\" data-e-type=\"container\">\n\t\t\t\t\t<div class=\"e-con-inner\">\n\t\t\t\t<div class=\"elementor-element elementor-element-9a028af elementor-widget elementor-widget-text-editor\" data-id=\"9a028af\" data-element_type=\"widget\" data-e-type=\"widget\" data-widget_type=\"text-editor.default\">\n\t\t\t\t\t\t\t\t\t<p>Last updated: 18 February 2026<\/p>\t\t\t\t\t\t\t\t<\/div>\n\t\t\t\t<div class=\"elementor-element elementor-element-1d7cce9 elementor-widget elementor-widget-text-editor\" data-id=\"1d7cce9\" data-element_type=\"widget\" data-e-type=\"widget\" data-widget_type=\"text-editor.default\">\n\t\t\t\t\t\t\t\t\t<p class=\"p1\">A Orbcom, enquanto empresa tecnol\u00f3gica de refer\u00eancia, em servi\u00e7os de desenvolvimento, consultoria e infraestruturas, em mais de uma centena de empresas portuguesas e multinacionais presentes na Europa, \u00c1frica e M\u00e9dio Oriente, est\u00e1 consciente que o bom funcionamento da empresa depende da seguran\u00e7a dos sistemas de informa\u00e7\u00e3o que suportam os seus processos de neg\u00f3cio.<\/p>\t\t\t\t\t\t\t\t<\/div>\n\t\t\t\t<div class=\"elementor-element elementor-element-6f98ef7 elementor-widget elementor-widget-text-editor\" data-id=\"6f98ef7\" data-element_type=\"widget\" data-e-type=\"widget\" data-widget_type=\"text-editor.default\">\n\t\t\t\t\t\t\t\t\t<p class=\"p1\">A Orbcom assume o compromisso de:<\/p>\n<p><!-- \/wp:paragraph --><!-- wp:list --><\/p>\n<ul class=\"wp-block-list\">\n<li style=\"list-style-type: none;\">\n<ul class=\"wp-block-list\"><!-- wp:list-item --><\/ul>\n<\/li>\n<\/ul>\n<ul class=\"wp-block-list\">\n<li style=\"list-style-type: none;\">\u00a0<\/li>\n<\/ul>\n<ul class=\"wp-block-list\">\n<li style=\"list-style-type: none;\">\n<ul class=\"wp-block-list\">\n<li class=\"li2\">Definir e manter a um n\u00edvel estrat\u00e9gico a seguran\u00e7a da informa\u00e7\u00e3o, com planos concretos para implementa\u00e7\u00e3o de medidas, avaliar os resultados e garantir uma melhoria cont\u00ednua.<\/li>\n<\/ul>\n<\/li>\n<\/ul>\n<div>\u00a0<\/div>\n<ul class=\"wp-block-list\">\n<li style=\"list-style-type: none;\">\n<ul class=\"wp-block-list\">\n<li class=\"li2\">Atribuir responsabilidades pelas fun\u00e7\u00f5es de seguran\u00e7a da informa\u00e7\u00e3o e dotar as equipas dos recursos t\u00e9cnicos e humanos adequados.<\/li>\n<\/ul>\n<\/li>\n<\/ul>\n<div>\u00a0<\/div>\n<ul class=\"wp-block-list\">\n<li style=\"list-style-type: none;\">\n<ul class=\"wp-block-list\">\n<li class=\"li2\">Realizar uma gest\u00e3o dos riscos de seguran\u00e7a da informa\u00e7\u00e3o, em particular para as atividades e fun\u00e7\u00f5es cr\u00edticas, com defini\u00e7\u00e3o de planos de medidas para a sua mitiga\u00e7\u00e3o.<\/li>\n<\/ul>\n<\/li>\n<\/ul>\n<div>\u00a0<\/div>\n<ul class=\"wp-block-list\">\n<li style=\"list-style-type: none;\">\n<ul class=\"wp-block-list\">\n<li class=\"li2\">Implementar medidas t\u00e9cnicas e organizativas para garantia da disponibilidade, integridade e confidencialidade da informa\u00e7\u00e3o nos seus sistemas de informa\u00e7\u00e3o, para uma gest\u00e3o eficiente dos seus neg\u00f3cios, e garantia de elevada qualidade na presta\u00e7\u00e3o de servi\u00e7os e rela\u00e7\u00e3o com os seus clientes e parceiros.<\/li>\n<\/ul>\n<\/li>\n<\/ul>\n<div>\u00a0<\/div>\n<ul class=\"wp-block-list\">\n<li style=\"list-style-type: none;\">\n<ul class=\"wp-block-list\">\n<li class=\"li2\">Avaliar de forma peri\u00f3dica o n\u00edvel de exposi\u00e7\u00e3o ao risco dos seus sistemas de informa\u00e7\u00e3o, face a vulnerabilidades t\u00e9cnicas e de comportamento humano, com defini\u00e7\u00e3o de medidas concretas de corre\u00e7\u00e3o.<\/li>\n<\/ul>\n<\/li>\n<\/ul>\n<div>\u00a0<\/div>\n<ul class=\"wp-block-list\">\n<li style=\"list-style-type: none;\">\n<ul class=\"wp-block-list\">\n<li class=\"li2\">Garantir a seguran\u00e7a f\u00edsica, prote\u00e7\u00e3o do ambiente e controlo de acessos f\u00edsicos e l\u00f3gicos aos seus sistemas de informa\u00e7\u00e3o.<\/li>\n<\/ul>\n<\/li>\n<\/ul>\n<div>\u00a0<\/div>\n<ul class=\"wp-block-list\">\n<li style=\"list-style-type: none;\">\n<ul class=\"wp-block-list\">\n<li class=\"li2\">Dotar a organiza\u00e7\u00e3o de um adequado processo de reporte de falhas pelos utilizadores, tratamento e resolu\u00e7\u00e3o de incidentes, envolvendo as partes interessadas e cumprindo com as obriga\u00e7\u00f5es legais e contratuais definidas.<\/li>\n<\/ul>\n<\/li>\n<\/ul>\n<div>\u00a0<\/div>\n<ul class=\"wp-block-list\">\n<li style=\"list-style-type: none;\">\n<ul class=\"wp-block-list\">\n<li class=\"li2\">Criar resili\u00eancia dos seus sistemas de informa\u00e7\u00e3o e permitir a continuidade das atividades, com uma adequada gest\u00e3o de c\u00f3pias de seguran\u00e7a e a recupera\u00e7\u00e3o de sistemas e informa\u00e7\u00e3o em caso de conting\u00eancia ou desastres.<\/li>\n<\/ul>\n<\/li>\n<\/ul>\n<div>\u00a0<\/div>\n<ul class=\"wp-block-list\">\n<li style=\"list-style-type: none;\">\n<ul class=\"wp-block-list\">\n<li class=\"li3\">Implementar uma adequada seguran\u00e7a da cadeia de abastecimento, incluindo rela\u00e7\u00e3o com fornecedores ou prestadores de servi\u00e7os diretos.<\/li>\n<\/ul>\n<\/li>\n<li style=\"list-style-type: none;\"><br \/>\n<ul class=\"wp-block-list\">\n<li class=\"li2\">Proceder a avalia\u00e7\u00f5es de risco para a seguran\u00e7a da informa\u00e7\u00e3o em processos de aquisi\u00e7\u00e3o, desenvolvimento e manuten\u00e7\u00e3o dos sistemas de informa\u00e7\u00e3o, incluindo a gest\u00e3o de vulnerabilidades;<\/li>\n<\/ul>\n<\/li>\n<\/ul>\n<div>\u00a0<\/div>\n<ul class=\"wp-block-list\">\n<li style=\"list-style-type: none;\">\n<ul class=\"wp-block-list\">\n<li class=\"li2\">Definir, atualizar e divulgar pol\u00edticas e procedimentos para a adequada utiliza\u00e7\u00e3o dos sistemas de informa\u00e7\u00e3o e garantia de seguran\u00e7a da informa\u00e7\u00e3o e prote\u00e7\u00e3o de dados pessoais.<\/li>\n<\/ul>\n<\/li>\n<\/ul>\n<div>\u00a0<\/div>\n<ul class=\"wp-block-list\">\n<li style=\"list-style-type: none;\">\n<ul class=\"wp-block-list\">\n<li class=\"li2\">Implementar uma cultura de seguran\u00e7a da informa\u00e7\u00e3o e prote\u00e7\u00e3o de dados por desenho e por omiss\u00e3o, incluindo a forma\u00e7\u00e3o e consciencializa\u00e7\u00e3o de todos os colaboradores e apoio na implementa\u00e7\u00e3o de pr\u00e1ticas de ciber-higiene.<\/li>\n<\/ul>\n<\/li>\n<\/ul>\n<div>\u00a0<\/div>\n<ul class=\"wp-block-list\">\n<li style=\"list-style-type: none;\">\n<ul class=\"wp-block-list\">\n<li class=\"li2\">Cumprir com a legisla\u00e7\u00e3o e regulamenta\u00e7\u00e3o aplic\u00e1vel na utiliza\u00e7\u00e3o dos sistemas de informa\u00e7\u00e3o e seguran\u00e7a da informa\u00e7\u00e3o.<\/li>\n<\/ul>\n<\/li>\n<\/ul>\n<div>\u00a0<\/div>\n<ul class=\"wp-block-list\">\n<li style=\"list-style-type: none;\">\n<ul class=\"wp-block-list\">\n<li class=\"li3\">Proceder \u00e0 revis\u00e3o cont\u00ednua do seu sistema de gest\u00e3o de seguran\u00e7a da informa\u00e7\u00e3o, com auditorias peri\u00f3dicas, com vista \u00e0 melhoria cont\u00ednua e avalia\u00e7\u00e3o do cumprimento dos requisitos, procedimentos estabelecidos e resultados esperados..<\/li>\n<\/ul>\n<\/li>\n<\/ul>\n<p><!-- \/wp:list-item --><\/p>\n<p><!-- \/wp:list --><!-- wp:heading --><\/p>\t\t\t\t\t\t\t\t<\/div>\n\t\t\t\t<div class=\"elementor-element elementor-element-a49f693 elementor-widget elementor-widget-text-editor\" data-id=\"a49f693\" data-element_type=\"widget\" data-e-type=\"widget\" data-widget_type=\"text-editor.default\">\n\t\t\t\t\t\t\t\t\t<p class=\"p1\">A Orbcom compromete-se a adotar as melhores pr\u00e1ticas e referenciais da ind\u00fastria em mat\u00e9rias de seguran\u00e7a da informa\u00e7\u00e3o e ciberseguran\u00e7a, usando a norma ISO\/IEC 27001:2022, o NIST\u2019s Cyber Security Framework e o Quadro Nacional de Refer\u00eancia para a Ciberseguran\u00e7a do Centro Nacional de Ciberseguran\u00e7a (CNCS).<\/p>\t\t\t\t\t\t\t\t<\/div>\n\t\t\t\t\t<\/div>\n\t\t\t\t<\/div>\n\t\t\t\t<\/div>\n\t\t\t\t<\/div>","protected":false},"excerpt":{"rendered":"<p>Pol\u00edtica de Seguran\u00e7a da Informa\u00e7\u00e3o \u00faltima atualiza\u00e7\u00e3o: 18 de fevereiro de 2026 A Orbcom, enquanto empresa tecnol\u00f3gica de refer\u00eancia, em servi\u00e7os de desenvolvimento, consultoria e infraestruturas, em mais de uma centena de empresas portuguesas e multinacionais presentes na Europa, \u00c1frica e M\u00e9dio Oriente, est\u00e1 consciente que o bom funcionamento da empresa depende da seguran\u00e7a dos [&hellip;]<\/p>\n","protected":false},"author":1,"featured_media":0,"parent":0,"menu_order":0,"comment_status":"closed","ping_status":"closed","template":"","meta":{"footnotes":""},"class_list":["post-6059","page","type-page","status-publish","hentry"],"yoast_head":"<!-- This site is optimized with the Yoast SEO plugin v27.4 - https:\/\/yoast.com\/product\/yoast-seo-wordpress\/ -->\n<title>Pol\u00edtica de Seguran\u00e7a da Informa\u00e7\u00e3o - Orbcom<\/title>\n<meta name=\"robots\" content=\"index, follow, max-snippet:-1, max-image-preview:large, max-video-preview:-1\" \/>\n<link rel=\"canonical\" href=\"https:\/\/orbcom.pt\/en\/information-security-policy\/\" \/>\n<meta property=\"og:locale\" content=\"en_US\" \/>\n<meta property=\"og:type\" content=\"article\" \/>\n<meta property=\"og:title\" content=\"Pol\u00edtica de Seguran\u00e7a da Informa\u00e7\u00e3o - Orbcom\" \/>\n<meta property=\"og:description\" content=\"Pol\u00edtica de Seguran\u00e7a da Informa\u00e7\u00e3o \u00faltima atualiza\u00e7\u00e3o: 18 de fevereiro de 2026 A Orbcom, enquanto empresa tecnol\u00f3gica de refer\u00eancia, em servi\u00e7os de desenvolvimento, consultoria e infraestruturas, em mais de uma centena de empresas portuguesas e multinacionais presentes na Europa, \u00c1frica e M\u00e9dio Oriente, est\u00e1 consciente que o bom funcionamento da empresa depende da seguran\u00e7a dos [&hellip;]\" \/>\n<meta property=\"og:url\" content=\"https:\/\/orbcom.pt\/en\/information-security-policy\/\" \/>\n<meta property=\"og:site_name\" content=\"Orbcom\" \/>\n<meta property=\"article:modified_time\" content=\"2026-02-18T16:11:14+00:00\" \/>\n<meta property=\"og:image\" content=\"https:\/\/orbcom.pt\/wp-content\/uploads\/2025\/12\/logo_web-scaled.webp\" \/>\n\t<meta property=\"og:image:width\" content=\"2560\" \/>\n\t<meta property=\"og:image:height\" content=\"325\" \/>\n\t<meta property=\"og:image:type\" content=\"image\/webp\" \/>\n<meta name=\"twitter:card\" content=\"summary_large_image\" \/>\n<meta name=\"twitter:label1\" content=\"Est. reading time\" \/>\n\t<meta name=\"twitter:data1\" content=\"3 minutes\" \/>\n<script type=\"application\/ld+json\" class=\"yoast-schema-graph\">{\"@context\":\"https:\\\/\\\/schema.org\",\"@graph\":[{\"@type\":\"WebPage\",\"@id\":\"https:\\\/\\\/orbcom.pt\\\/politica-de-seguranca-da-informacao\\\/\",\"url\":\"https:\\\/\\\/orbcom.pt\\\/politica-de-seguranca-da-informacao\\\/\",\"name\":\"Pol\u00edtica de Seguran\u00e7a da Informa\u00e7\u00e3o - Orbcom\",\"isPartOf\":{\"@id\":\"https:\\\/\\\/orbcom.pt\\\/#website\"},\"primaryImageOfPage\":{\"@id\":\"https:\\\/\\\/orbcom.pt\\\/politica-de-seguranca-da-informacao\\\/#primaryimage\"},\"image\":{\"@id\":\"https:\\\/\\\/orbcom.pt\\\/politica-de-seguranca-da-informacao\\\/#primaryimage\"},\"thumbnailUrl\":\"https:\\\/\\\/orbcom.pt\\\/wp-content\\\/uploads\\\/2025\\\/12\\\/logo_web-scaled.webp\",\"datePublished\":\"2026-02-18T15:59:43+00:00\",\"dateModified\":\"2026-02-18T16:11:14+00:00\",\"breadcrumb\":{\"@id\":\"https:\\\/\\\/orbcom.pt\\\/politica-de-seguranca-da-informacao\\\/#breadcrumb\"},\"inLanguage\":\"en-US\",\"potentialAction\":[{\"@type\":\"ReadAction\",\"target\":[\"https:\\\/\\\/orbcom.pt\\\/politica-de-seguranca-da-informacao\\\/\"]}]},{\"@type\":\"ImageObject\",\"inLanguage\":\"en-US\",\"@id\":\"https:\\\/\\\/orbcom.pt\\\/politica-de-seguranca-da-informacao\\\/#primaryimage\",\"url\":\"https:\\\/\\\/orbcom.pt\\\/wp-content\\\/uploads\\\/2025\\\/12\\\/logo_web-scaled.webp\",\"contentUrl\":\"https:\\\/\\\/orbcom.pt\\\/wp-content\\\/uploads\\\/2025\\\/12\\\/logo_web-scaled.webp\"},{\"@type\":\"BreadcrumbList\",\"@id\":\"https:\\\/\\\/orbcom.pt\\\/politica-de-seguranca-da-informacao\\\/#breadcrumb\",\"itemListElement\":[{\"@type\":\"ListItem\",\"position\":1,\"name\":\"Home\",\"item\":\"https:\\\/\\\/orbcom.pt\\\/\"},{\"@type\":\"ListItem\",\"position\":2,\"name\":\"Pol\u00edtica de Seguran\u00e7a da Informa\u00e7\u00e3o\"}]},{\"@type\":\"WebSite\",\"@id\":\"https:\\\/\\\/orbcom.pt\\\/#website\",\"url\":\"https:\\\/\\\/orbcom.pt\\\/\",\"name\":\"Orbcom\",\"description\":\"\",\"potentialAction\":[{\"@type\":\"SearchAction\",\"target\":{\"@type\":\"EntryPoint\",\"urlTemplate\":\"https:\\\/\\\/orbcom.pt\\\/?s={search_term_string}\"},\"query-input\":{\"@type\":\"PropertyValueSpecification\",\"valueRequired\":true,\"valueName\":\"search_term_string\"}}],\"inLanguage\":\"en-US\"}]}<\/script>\n<!-- \/ Yoast SEO plugin. -->","yoast_head_json":{"title":"Pol\u00edtica de Seguran\u00e7a da Informa\u00e7\u00e3o - Orbcom","robots":{"index":"index","follow":"follow","max-snippet":"max-snippet:-1","max-image-preview":"max-image-preview:large","max-video-preview":"max-video-preview:-1"},"canonical":"https:\/\/orbcom.pt\/en\/information-security-policy\/","og_locale":"en_US","og_type":"article","og_title":"Pol\u00edtica de Seguran\u00e7a da Informa\u00e7\u00e3o - Orbcom","og_description":"Pol\u00edtica de Seguran\u00e7a da Informa\u00e7\u00e3o \u00faltima atualiza\u00e7\u00e3o: 18 de fevereiro de 2026 A Orbcom, enquanto empresa tecnol\u00f3gica de refer\u00eancia, em servi\u00e7os de desenvolvimento, consultoria e infraestruturas, em mais de uma centena de empresas portuguesas e multinacionais presentes na Europa, \u00c1frica e M\u00e9dio Oriente, est\u00e1 consciente que o bom funcionamento da empresa depende da seguran\u00e7a dos [&hellip;]","og_url":"https:\/\/orbcom.pt\/en\/information-security-policy\/","og_site_name":"Orbcom","article_modified_time":"2026-02-18T16:11:14+00:00","og_image":[{"width":2560,"height":325,"url":"https:\/\/orbcom.pt\/wp-content\/uploads\/2025\/12\/logo_web-scaled.webp","type":"image\/webp"}],"twitter_card":"summary_large_image","twitter_misc":{"Est. reading time":"3 minutes"},"schema":{"@context":"https:\/\/schema.org","@graph":[{"@type":"WebPage","@id":"https:\/\/orbcom.pt\/politica-de-seguranca-da-informacao\/","url":"https:\/\/orbcom.pt\/politica-de-seguranca-da-informacao\/","name":"Pol\u00edtica de Seguran\u00e7a da Informa\u00e7\u00e3o - Orbcom","isPartOf":{"@id":"https:\/\/orbcom.pt\/#website"},"primaryImageOfPage":{"@id":"https:\/\/orbcom.pt\/politica-de-seguranca-da-informacao\/#primaryimage"},"image":{"@id":"https:\/\/orbcom.pt\/politica-de-seguranca-da-informacao\/#primaryimage"},"thumbnailUrl":"https:\/\/orbcom.pt\/wp-content\/uploads\/2025\/12\/logo_web-scaled.webp","datePublished":"2026-02-18T15:59:43+00:00","dateModified":"2026-02-18T16:11:14+00:00","breadcrumb":{"@id":"https:\/\/orbcom.pt\/politica-de-seguranca-da-informacao\/#breadcrumb"},"inLanguage":"en-US","potentialAction":[{"@type":"ReadAction","target":["https:\/\/orbcom.pt\/politica-de-seguranca-da-informacao\/"]}]},{"@type":"ImageObject","inLanguage":"en-US","@id":"https:\/\/orbcom.pt\/politica-de-seguranca-da-informacao\/#primaryimage","url":"https:\/\/orbcom.pt\/wp-content\/uploads\/2025\/12\/logo_web-scaled.webp","contentUrl":"https:\/\/orbcom.pt\/wp-content\/uploads\/2025\/12\/logo_web-scaled.webp"},{"@type":"BreadcrumbList","@id":"https:\/\/orbcom.pt\/politica-de-seguranca-da-informacao\/#breadcrumb","itemListElement":[{"@type":"ListItem","position":1,"name":"Home","item":"https:\/\/orbcom.pt\/"},{"@type":"ListItem","position":2,"name":"Pol\u00edtica de Seguran\u00e7a da Informa\u00e7\u00e3o"}]},{"@type":"WebSite","@id":"https:\/\/orbcom.pt\/#website","url":"https:\/\/orbcom.pt\/","name":"Orbcom","description":"","potentialAction":[{"@type":"SearchAction","target":{"@type":"EntryPoint","urlTemplate":"https:\/\/orbcom.pt\/?s={search_term_string}"},"query-input":{"@type":"PropertyValueSpecification","valueRequired":true,"valueName":"search_term_string"}}],"inLanguage":"en-US"}]}},"_links":{"self":[{"href":"https:\/\/orbcom.pt\/en\/wp-json\/wp\/v2\/pages\/6059","targetHints":{"allow":["GET"]}}],"collection":[{"href":"https:\/\/orbcom.pt\/en\/wp-json\/wp\/v2\/pages"}],"about":[{"href":"https:\/\/orbcom.pt\/en\/wp-json\/wp\/v2\/types\/page"}],"author":[{"embeddable":true,"href":"https:\/\/orbcom.pt\/en\/wp-json\/wp\/v2\/users\/1"}],"replies":[{"embeddable":true,"href":"https:\/\/orbcom.pt\/en\/wp-json\/wp\/v2\/comments?post=6059"}],"version-history":[{"count":10,"href":"https:\/\/orbcom.pt\/en\/wp-json\/wp\/v2\/pages\/6059\/revisions"}],"predecessor-version":[{"id":6070,"href":"https:\/\/orbcom.pt\/en\/wp-json\/wp\/v2\/pages\/6059\/revisions\/6070"}],"wp:attachment":[{"href":"https:\/\/orbcom.pt\/en\/wp-json\/wp\/v2\/media?parent=6059"}],"curies":[{"name":"wp","href":"https:\/\/api.w.org\/{rel}","templated":true}]}}