{"id":6051,"date":"2026-02-18T15:48:54","date_gmt":"2026-02-18T15:48:54","guid":{"rendered":"https:\/\/orbcom.pt\/?page_id=6051"},"modified":"2026-02-18T15:55:29","modified_gmt":"2026-02-18T15:55:29","slug":"personal-data-protection-policy","status":"publish","type":"page","link":"https:\/\/orbcom.pt\/en\/politica-de-protecao-de-dados-pessoais\/","title":{"rendered":"Personal Data Protection Policy"},"content":{"rendered":"<div data-elementor-type=\"wp-page\" data-elementor-id=\"6051\" class=\"elementor elementor-6051\" data-elementor-post-type=\"page\">\n\t\t\t\t<div class=\"elementor-element elementor-element-573e3c8b e-con-full e-flex e-con e-parent\" data-id=\"573e3c8b\" data-element_type=\"container\" data-e-type=\"container\">\n\t\t<div class=\"elementor-element elementor-element-d3a72b2 e-flex e-con-boxed e-con e-child\" data-id=\"d3a72b2\" data-element_type=\"container\" data-e-type=\"container\" data-settings=\"{&quot;background_background&quot;:&quot;classic&quot;}\">\n\t\t\t\t\t<div class=\"e-con-inner\">\n\t\t<div class=\"elementor-element elementor-element-053bc45 e-con-full e-flex e-con e-child\" data-id=\"053bc45\" data-element_type=\"container\" data-e-type=\"container\">\n\t\t\t\t<div class=\"elementor-element elementor-element-35bdb5c elementor-invisible elementor-widget elementor-widget-heading\" data-id=\"35bdb5c\" data-element_type=\"widget\" data-e-type=\"widget\" data-settings=\"{&quot;_animation&quot;:&quot;slideInLeft&quot;}\" data-widget_type=\"heading.default\">\n\t\t\t\t\t<h2 class=\"elementor-heading-title elementor-size-default\">Personal Data Protection Policy<\/h2>\t\t\t\t<\/div>\n\t\t\t\t<\/div>\n\t\t\t\t<div class=\"elementor-element elementor-element-6418095 elementor-widget elementor-widget-image\" data-id=\"6418095\" data-element_type=\"widget\" data-e-type=\"widget\" data-widget_type=\"image.default\">\n\t\t\t\t\t\t\t\t\t\t\t\t\t\t\t<img fetchpriority=\"high\" decoding=\"async\" width=\"2560\" height=\"325\" src=\"https:\/\/orbcom.pt\/wp-content\/uploads\/2025\/12\/logo_web-scaled.webp\" class=\"attachment-full size-full wp-image-3056\" alt=\"\" srcset=\"https:\/\/orbcom.pt\/wp-content\/uploads\/2025\/12\/logo_web-scaled.webp 2560w, https:\/\/orbcom.pt\/wp-content\/uploads\/2025\/12\/logo_web-300x38.webp 300w, https:\/\/orbcom.pt\/wp-content\/uploads\/2025\/12\/logo_web-1024x130.webp 1024w, https:\/\/orbcom.pt\/wp-content\/uploads\/2025\/12\/logo_web-768x98.webp 768w, https:\/\/orbcom.pt\/wp-content\/uploads\/2025\/12\/logo_web-1536x195.webp 1536w, https:\/\/orbcom.pt\/wp-content\/uploads\/2025\/12\/logo_web-2048x260.webp 2048w\" sizes=\"(max-width: 2560px) 100vw, 2560px\" \/>\t\t\t\t\t\t\t\t\t\t\t\t\t\t\t<\/div>\n\t\t\t\t\t<\/div>\n\t\t\t\t<\/div>\n\t\t<div class=\"elementor-element elementor-element-3974dc0 e-flex e-con-boxed e-con e-child\" data-id=\"3974dc0\" data-element_type=\"container\" data-e-type=\"container\">\n\t\t\t\t\t<div class=\"e-con-inner\">\n\t\t\t\t<div class=\"elementor-element elementor-element-9a028af elementor-widget elementor-widget-text-editor\" data-id=\"9a028af\" data-element_type=\"widget\" data-e-type=\"widget\" data-widget_type=\"text-editor.default\">\n\t\t\t\t\t\t\t\t\t<p>Last updated: 18 February 2026<\/p>\t\t\t\t\t\t\t\t<\/div>\n\t\t\t\t<div class=\"elementor-element elementor-element-1d7cce9 elementor-widget elementor-widget-text-editor\" data-id=\"1d7cce9\" data-element_type=\"widget\" data-e-type=\"widget\" data-widget_type=\"text-editor.default\">\n\t\t\t\t\t\t\t\t\t<p class=\"p2\">\"Orbcom, Lda. is mindful of the importance of ensuring information privacy and security for its clients, employees, partners, and other data subjects, both within Orbcom and its associated companies. The rapid technological evolution and the globalization of information society services pose new and increasingly complex challenges for personal data protection; therefore, Orbcom\u2019s standard operations inherently include compliance with personal data processing.<\/p>\t\t\t\t\t\t\t\t<\/div>\n\t\t\t\t<div class=\"elementor-element elementor-element-6f98ef7 elementor-widget elementor-widget-text-editor\" data-id=\"6f98ef7\" data-element_type=\"widget\" data-e-type=\"widget\" data-widget_type=\"text-editor.default\">\n\t\t\t\t\t\t\t\t\t<p class=\"p1\">Within this framework, Orbcom undertakes to:<\/p>\n<p><!-- \/wp:paragraph --><!-- wp:list --><\/p>\n<ul class=\"wp-block-list\">\n<li style=\"list-style-type: none;\">\n<ul class=\"wp-block-list\"><!-- wp:list-item --><\/ul>\n<\/li>\n<\/ul>\n<ul class=\"wp-block-list\">\n<li style=\"list-style-type: none;\">\u00a0<\/li>\n<\/ul>\n<ul class=\"wp-block-list\">\n<li style=\"list-style-type: none;\">\n<ul class=\"wp-block-list\">\n<li class=\"li2\">Comply with applicable EU and national legal standards regarding data protection, privacy, and information security, such as the General Data Protection Regulation (GDPR), applicable since May 25, 2018, and the GDPR Implementation Law in Portugal (Law 58\/2019).<\/li>\n<\/ul>\n<\/li>\n<li style=\"list-style-type: none;\">\u00a0\n<ul class=\"wp-block-list\">\n<li class=\"li2\">Adapt Orbcom\u2019s organizational culture regarding data protection, extending the commitment to personal data protection to all employees across the organization.<\/li>\n<\/ul>\n<\/li>\n<li style=\"list-style-type: none;\">\u00a0\n<ul class=\"wp-block-list\">\n<li class=\"li2\">Adopt a data management governance model. Appoint a Data Protection Officer (DPO) and integrate them into a communication and reporting model at the highest management level.\"<\/li>\n<\/ul>\n<\/li>\n<li style=\"list-style-type: none;\">\u00a0\n<ul class=\"wp-block-list\">\n<li class=\"li2\">Implement the technical and organizational measures necessary to comply with the principles of privacy: lawfulness, fairness, transparency, minimization, accuracy, integrity, confidentiality, and accountability within the scope of personal data processing, whether through its information systems, organizational areas, or in the management and communication with clients, employees, partners, and other institutions.\"<\/li>\n<\/ul>\n<\/li>\n<li style=\"list-style-type: none;\">\u00a0\n<ul class=\"wp-block-list\">\n<li class=\"li2\">Demonstrate commitment through relevant policies and the provision of adequate resources to establish and develop effective data protection and information security controls. Ensure compliance among partners and other stakeholders involved in data processing activities carried out at Orbcom.<\/li>\n<\/ul>\n<\/li>\n<li style=\"list-style-type: none;\">\u00a0\n<ul class=\"wp-block-list\">\n<li class=\"li2\">Establish the necessary mechanisms and procedures for data subjects to exercise their rights regarding their personal data.<\/li>\n<\/ul>\n<\/li>\n<li style=\"list-style-type: none;\">\u00a0\n<ul class=\"wp-block-list\">\n<li class=\"li3\">Continuously update and make Orbcom\u2019s Privacy Policy available to all employees, clients, suppliers, and other stakeholders.<\/li>\n<li class=\"li2\">Whenever necessary, conduct Data Protection Impact Assessments and promote active, multi-level risk management within the organization, including:\n<ul class=\"wp-block-list\">\n<li class=\"li2\">Risk assessments for personal data undergoing processing;<\/li>\n<li class=\"li2\">Regular information security risk assessments within specific operational areas;<\/li>\n<li class=\"li2\">Risk assessment as part of the change management process;<\/li>\n<li class=\"li2\">Data Protection Impact Assessments (DPIAs) to achieve compliance for new data processing activities or significant changes to existing ones;<\/li>\n<li class=\"li2\">Providing training and awareness tools so that all employees and other stakeholders are active agents in complying with GDPR requirements, ensuring information security and the right to privacy;<\/li>\n<li class=\"li2\">Ensuring a joint development strategy and plans for information security and data protection to guarantee effectiveness and continuous improvement;<\/li>\n<li class=\"li3\">Promoting the oversight and monitoring of entities operating within Orbcom regarding compliance with requirements, established procedures, and the achievement of planned results, aiming for the permanent and continuous improvement of data protection and information security.\"<\/li>\n<\/ul>\n<\/li>\n<\/ul>\n<\/li>\n<\/ul>\n<p><!-- \/wp:list-item --><\/p>\n<p><!-- \/wp:list --><!-- wp:heading --><\/p>\t\t\t\t\t\t\t\t<\/div>\n\t\t\t\t<div class=\"elementor-element elementor-element-a49f693 elementor-widget elementor-widget-text-editor\" data-id=\"a49f693\" data-element_type=\"widget\" data-e-type=\"widget\" data-widget_type=\"text-editor.default\">\n\t\t\t\t\t\t\t\t\t<p class=\"p1\">Orbcom, as a responsible entity compliant with legal mandates and international standards, hereby undertakes to protect the personal data of its customers, collaborators, partners, and other subjects. This commitment applies to all data processing activities required to fulfill its business and corporate functions.<\/p>\t\t\t\t\t\t\t\t<\/div>\n\t\t\t\t\t<\/div>\n\t\t\t\t<\/div>\n\t\t\t\t<\/div>\n\t\t\t\t<\/div>","protected":false},"excerpt":{"rendered":"<p>Pol\u00edtica de Prote\u00e7\u00e3o de Dados Pessoais \u00faltima atualiza\u00e7\u00e3o: 18 de fevereiro de 2026 A Orbcom, Lda., est\u00e1 consciente da import\u00e2ncia de garantir privacidade e seguran\u00e7a da informa\u00e7\u00e3o dos seus clientes, trabalhadores, parceiros e outros titulares de dados, na Orbcom e empresas associadas. A crescente evolu\u00e7\u00e3o tecnol\u00f3gica e globaliza\u00e7\u00e3o dos servi\u00e7os da sociedade da informa\u00e7\u00e3o imp\u00f5em [&hellip;]<\/p>\n","protected":false},"author":1,"featured_media":0,"parent":0,"menu_order":0,"comment_status":"closed","ping_status":"closed","template":"","meta":{"footnotes":""},"class_list":["post-6051","page","type-page","status-publish","hentry"],"yoast_head":"<!-- This site is optimized with the Yoast SEO plugin v27.4 - https:\/\/yoast.com\/product\/yoast-seo-wordpress\/ -->\n<title>Pol\u00edtica de Prote\u00e7\u00e3o de Dados Pessoais - Orbcom<\/title>\n<meta name=\"robots\" content=\"index, follow, max-snippet:-1, max-image-preview:large, max-video-preview:-1\" \/>\n<link rel=\"canonical\" href=\"https:\/\/orbcom.pt\/en\/personal-data-protection-policy\/\" \/>\n<meta property=\"og:locale\" content=\"en_US\" \/>\n<meta property=\"og:type\" content=\"article\" \/>\n<meta property=\"og:title\" content=\"Pol\u00edtica de Prote\u00e7\u00e3o de Dados Pessoais - Orbcom\" \/>\n<meta property=\"og:description\" content=\"Pol\u00edtica de Prote\u00e7\u00e3o de Dados Pessoais \u00faltima atualiza\u00e7\u00e3o: 18 de fevereiro de 2026 A Orbcom, Lda., est\u00e1 consciente da import\u00e2ncia de garantir privacidade e seguran\u00e7a da informa\u00e7\u00e3o dos seus clientes, trabalhadores, parceiros e outros titulares de dados, na Orbcom e empresas associadas. A crescente evolu\u00e7\u00e3o tecnol\u00f3gica e globaliza\u00e7\u00e3o dos servi\u00e7os da sociedade da informa\u00e7\u00e3o imp\u00f5em [&hellip;]\" \/>\n<meta property=\"og:url\" content=\"https:\/\/orbcom.pt\/en\/personal-data-protection-policy\/\" \/>\n<meta property=\"og:site_name\" content=\"Orbcom\" \/>\n<meta property=\"article:modified_time\" content=\"2026-02-18T15:55:29+00:00\" \/>\n<meta property=\"og:image\" content=\"https:\/\/orbcom.pt\/wp-content\/uploads\/2025\/12\/logo_web-scaled.webp\" \/>\n\t<meta property=\"og:image:width\" content=\"2560\" \/>\n\t<meta property=\"og:image:height\" content=\"325\" \/>\n\t<meta property=\"og:image:type\" content=\"image\/webp\" \/>\n<meta name=\"twitter:card\" content=\"summary_large_image\" \/>\n<meta name=\"twitter:label1\" content=\"Est. reading time\" \/>\n\t<meta name=\"twitter:data1\" content=\"4 minutes\" \/>\n<script type=\"application\/ld+json\" class=\"yoast-schema-graph\">{\"@context\":\"https:\\\/\\\/schema.org\",\"@graph\":[{\"@type\":\"WebPage\",\"@id\":\"https:\\\/\\\/orbcom.pt\\\/politica-de-protecao-de-dados-pessoais\\\/\",\"url\":\"https:\\\/\\\/orbcom.pt\\\/politica-de-protecao-de-dados-pessoais\\\/\",\"name\":\"Pol\u00edtica de Prote\u00e7\u00e3o de Dados Pessoais - Orbcom\",\"isPartOf\":{\"@id\":\"https:\\\/\\\/orbcom.pt\\\/#website\"},\"primaryImageOfPage\":{\"@id\":\"https:\\\/\\\/orbcom.pt\\\/politica-de-protecao-de-dados-pessoais\\\/#primaryimage\"},\"image\":{\"@id\":\"https:\\\/\\\/orbcom.pt\\\/politica-de-protecao-de-dados-pessoais\\\/#primaryimage\"},\"thumbnailUrl\":\"https:\\\/\\\/orbcom.pt\\\/wp-content\\\/uploads\\\/2025\\\/12\\\/logo_web-scaled.webp\",\"datePublished\":\"2026-02-18T15:48:54+00:00\",\"dateModified\":\"2026-02-18T15:55:29+00:00\",\"breadcrumb\":{\"@id\":\"https:\\\/\\\/orbcom.pt\\\/politica-de-protecao-de-dados-pessoais\\\/#breadcrumb\"},\"inLanguage\":\"en-US\",\"potentialAction\":[{\"@type\":\"ReadAction\",\"target\":[\"https:\\\/\\\/orbcom.pt\\\/politica-de-protecao-de-dados-pessoais\\\/\"]}]},{\"@type\":\"ImageObject\",\"inLanguage\":\"en-US\",\"@id\":\"https:\\\/\\\/orbcom.pt\\\/politica-de-protecao-de-dados-pessoais\\\/#primaryimage\",\"url\":\"https:\\\/\\\/orbcom.pt\\\/wp-content\\\/uploads\\\/2025\\\/12\\\/logo_web-scaled.webp\",\"contentUrl\":\"https:\\\/\\\/orbcom.pt\\\/wp-content\\\/uploads\\\/2025\\\/12\\\/logo_web-scaled.webp\"},{\"@type\":\"BreadcrumbList\",\"@id\":\"https:\\\/\\\/orbcom.pt\\\/politica-de-protecao-de-dados-pessoais\\\/#breadcrumb\",\"itemListElement\":[{\"@type\":\"ListItem\",\"position\":1,\"name\":\"Home\",\"item\":\"https:\\\/\\\/orbcom.pt\\\/\"},{\"@type\":\"ListItem\",\"position\":2,\"name\":\"Pol\u00edtica de Prote\u00e7\u00e3o de Dados Pessoais\"}]},{\"@type\":\"WebSite\",\"@id\":\"https:\\\/\\\/orbcom.pt\\\/#website\",\"url\":\"https:\\\/\\\/orbcom.pt\\\/\",\"name\":\"Orbcom\",\"description\":\"\",\"potentialAction\":[{\"@type\":\"SearchAction\",\"target\":{\"@type\":\"EntryPoint\",\"urlTemplate\":\"https:\\\/\\\/orbcom.pt\\\/?s={search_term_string}\"},\"query-input\":{\"@type\":\"PropertyValueSpecification\",\"valueRequired\":true,\"valueName\":\"search_term_string\"}}],\"inLanguage\":\"en-US\"}]}<\/script>\n<!-- \/ Yoast SEO plugin. -->","yoast_head_json":{"title":"Pol\u00edtica de Prote\u00e7\u00e3o de Dados Pessoais - Orbcom","robots":{"index":"index","follow":"follow","max-snippet":"max-snippet:-1","max-image-preview":"max-image-preview:large","max-video-preview":"max-video-preview:-1"},"canonical":"https:\/\/orbcom.pt\/en\/personal-data-protection-policy\/","og_locale":"en_US","og_type":"article","og_title":"Pol\u00edtica de Prote\u00e7\u00e3o de Dados Pessoais - Orbcom","og_description":"Pol\u00edtica de Prote\u00e7\u00e3o de Dados Pessoais \u00faltima atualiza\u00e7\u00e3o: 18 de fevereiro de 2026 A Orbcom, Lda., est\u00e1 consciente da import\u00e2ncia de garantir privacidade e seguran\u00e7a da informa\u00e7\u00e3o dos seus clientes, trabalhadores, parceiros e outros titulares de dados, na Orbcom e empresas associadas. A crescente evolu\u00e7\u00e3o tecnol\u00f3gica e globaliza\u00e7\u00e3o dos servi\u00e7os da sociedade da informa\u00e7\u00e3o imp\u00f5em [&hellip;]","og_url":"https:\/\/orbcom.pt\/en\/personal-data-protection-policy\/","og_site_name":"Orbcom","article_modified_time":"2026-02-18T15:55:29+00:00","og_image":[{"width":2560,"height":325,"url":"https:\/\/orbcom.pt\/wp-content\/uploads\/2025\/12\/logo_web-scaled.webp","type":"image\/webp"}],"twitter_card":"summary_large_image","twitter_misc":{"Est. reading time":"4 minutes"},"schema":{"@context":"https:\/\/schema.org","@graph":[{"@type":"WebPage","@id":"https:\/\/orbcom.pt\/politica-de-protecao-de-dados-pessoais\/","url":"https:\/\/orbcom.pt\/politica-de-protecao-de-dados-pessoais\/","name":"Pol\u00edtica de Prote\u00e7\u00e3o de Dados Pessoais - Orbcom","isPartOf":{"@id":"https:\/\/orbcom.pt\/#website"},"primaryImageOfPage":{"@id":"https:\/\/orbcom.pt\/politica-de-protecao-de-dados-pessoais\/#primaryimage"},"image":{"@id":"https:\/\/orbcom.pt\/politica-de-protecao-de-dados-pessoais\/#primaryimage"},"thumbnailUrl":"https:\/\/orbcom.pt\/wp-content\/uploads\/2025\/12\/logo_web-scaled.webp","datePublished":"2026-02-18T15:48:54+00:00","dateModified":"2026-02-18T15:55:29+00:00","breadcrumb":{"@id":"https:\/\/orbcom.pt\/politica-de-protecao-de-dados-pessoais\/#breadcrumb"},"inLanguage":"en-US","potentialAction":[{"@type":"ReadAction","target":["https:\/\/orbcom.pt\/politica-de-protecao-de-dados-pessoais\/"]}]},{"@type":"ImageObject","inLanguage":"en-US","@id":"https:\/\/orbcom.pt\/politica-de-protecao-de-dados-pessoais\/#primaryimage","url":"https:\/\/orbcom.pt\/wp-content\/uploads\/2025\/12\/logo_web-scaled.webp","contentUrl":"https:\/\/orbcom.pt\/wp-content\/uploads\/2025\/12\/logo_web-scaled.webp"},{"@type":"BreadcrumbList","@id":"https:\/\/orbcom.pt\/politica-de-protecao-de-dados-pessoais\/#breadcrumb","itemListElement":[{"@type":"ListItem","position":1,"name":"Home","item":"https:\/\/orbcom.pt\/"},{"@type":"ListItem","position":2,"name":"Pol\u00edtica de Prote\u00e7\u00e3o de Dados Pessoais"}]},{"@type":"WebSite","@id":"https:\/\/orbcom.pt\/#website","url":"https:\/\/orbcom.pt\/","name":"Orbcom","description":"","potentialAction":[{"@type":"SearchAction","target":{"@type":"EntryPoint","urlTemplate":"https:\/\/orbcom.pt\/?s={search_term_string}"},"query-input":{"@type":"PropertyValueSpecification","valueRequired":true,"valueName":"search_term_string"}}],"inLanguage":"en-US"}]}},"_links":{"self":[{"href":"https:\/\/orbcom.pt\/en\/wp-json\/wp\/v2\/pages\/6051","targetHints":{"allow":["GET"]}}],"collection":[{"href":"https:\/\/orbcom.pt\/en\/wp-json\/wp\/v2\/pages"}],"about":[{"href":"https:\/\/orbcom.pt\/en\/wp-json\/wp\/v2\/types\/page"}],"author":[{"embeddable":true,"href":"https:\/\/orbcom.pt\/en\/wp-json\/wp\/v2\/users\/1"}],"replies":[{"embeddable":true,"href":"https:\/\/orbcom.pt\/en\/wp-json\/wp\/v2\/comments?post=6051"}],"version-history":[{"count":7,"href":"https:\/\/orbcom.pt\/en\/wp-json\/wp\/v2\/pages\/6051\/revisions"}],"predecessor-version":[{"id":6058,"href":"https:\/\/orbcom.pt\/en\/wp-json\/wp\/v2\/pages\/6051\/revisions\/6058"}],"wp:attachment":[{"href":"https:\/\/orbcom.pt\/en\/wp-json\/wp\/v2\/media?parent=6051"}],"curies":[{"name":"wp","href":"https:\/\/api.w.org\/{rel}","templated":true}]}}