{"id":4256,"date":"2026-01-08T14:28:31","date_gmt":"2026-01-08T14:28:31","guid":{"rendered":"https:\/\/xqh.cdv.mybluehost.me\/website_a64d4f3a\/?page_id=4256"},"modified":"2026-01-08T14:55:53","modified_gmt":"2026-01-08T14:55:53","slug":"cookie-policy","status":"publish","type":"page","link":"https:\/\/orbcom.pt\/en\/politica-de-cookies\/","title":{"rendered":"Cookie Policy"},"content":{"rendered":"<div data-elementor-type=\"wp-page\" data-elementor-id=\"4256\" class=\"elementor elementor-4256\" data-elementor-post-type=\"page\">\n\t\t\t\t<div class=\"elementor-element elementor-element-ffbc1f0 e-con-full e-flex e-con e-parent\" data-id=\"ffbc1f0\" data-element_type=\"container\" data-e-type=\"container\">\n\t\t<div class=\"elementor-element elementor-element-9c3d1c7 e-flex e-con-boxed e-con e-child\" data-id=\"9c3d1c7\" data-element_type=\"container\" data-e-type=\"container\" data-settings=\"{&quot;background_background&quot;:&quot;classic&quot;}\">\n\t\t\t\t\t<div class=\"e-con-inner\">\n\t\t<div class=\"elementor-element elementor-element-af00474 e-con-full e-flex e-con e-child\" data-id=\"af00474\" data-element_type=\"container\" data-e-type=\"container\">\n\t\t\t\t<div class=\"elementor-element elementor-element-dad78bd elementor-invisible elementor-widget elementor-widget-heading\" data-id=\"dad78bd\" data-element_type=\"widget\" data-e-type=\"widget\" data-settings=\"{&quot;_animation&quot;:&quot;slideInLeft&quot;}\" data-widget_type=\"heading.default\">\n\t\t\t\t\t<h2 class=\"elementor-heading-title elementor-size-default\">Cookie Policy<\/h2>\t\t\t\t<\/div>\n\t\t\t\t<\/div>\n\t\t\t\t<div class=\"elementor-element elementor-element-14e076c elementor-widget elementor-widget-image\" data-id=\"14e076c\" data-element_type=\"widget\" data-e-type=\"widget\" data-widget_type=\"image.default\">\n\t\t\t\t\t\t\t\t\t\t\t\t\t\t\t<img fetchpriority=\"high\" decoding=\"async\" width=\"2560\" height=\"325\" src=\"https:\/\/orbcom.pt\/wp-content\/uploads\/2025\/12\/logo_web-scaled.webp\" class=\"attachment-full size-full wp-image-3056\" alt=\"\" srcset=\"https:\/\/orbcom.pt\/wp-content\/uploads\/2025\/12\/logo_web-scaled.webp 2560w, https:\/\/orbcom.pt\/wp-content\/uploads\/2025\/12\/logo_web-300x38.webp 300w, https:\/\/orbcom.pt\/wp-content\/uploads\/2025\/12\/logo_web-1024x130.webp 1024w, https:\/\/orbcom.pt\/wp-content\/uploads\/2025\/12\/logo_web-768x98.webp 768w, https:\/\/orbcom.pt\/wp-content\/uploads\/2025\/12\/logo_web-1536x195.webp 1536w, https:\/\/orbcom.pt\/wp-content\/uploads\/2025\/12\/logo_web-2048x260.webp 2048w\" sizes=\"(max-width: 2560px) 100vw, 2560px\" \/>\t\t\t\t\t\t\t\t\t\t\t\t\t\t\t<\/div>\n\t\t\t\t\t<\/div>\n\t\t\t\t<\/div>\n\t\t<div class=\"elementor-element elementor-element-f02d4f8 e-flex e-con-boxed e-con e-child\" data-id=\"f02d4f8\" data-element_type=\"container\" data-e-type=\"container\">\n\t\t\t\t\t<div class=\"e-con-inner\">\n\t\t\t\t<div class=\"elementor-element elementor-element-e10b867 elementor-widget elementor-widget-html\" data-id=\"e10b867\" data-element_type=\"widget\" data-e-type=\"widget\" data-widget_type=\"html.default\">\n\t\t\t\t\t<!-- Start CookieYes cookie policy (PT-PT) -->\n<style>\n  a.cky-banner-element {\n    padding: 8px 30px;\n    background: #f8f9fa;\n    color: #858a8f;\n    border: 1px solid #dee2e6;\n    box-sizing: border-box;\n    border-radius: 2px;\n    cursor: pointer\n  }\n<\/style>\n\n\n<div class=\"cookie-policy-date-container\">\n  <p>Data de entrada em vigor: 08 de janeiro de 2026<\/p>\n  <p>\u00daltima atualiza\u00e7\u00e3o: 08 de janeiro de 2026<\/p>\n<\/div>\n\n<h2>What are cookies?<\/h2>\n<div class=\"cookie-policy-p\">\n  <p>This Cookie Policy explains what cookies are, how we use them, the types of cookies we use (i.e., the information we collect using cookies and how that information is used), and how you can manage your cookie preferences.<\/p>\n  <p>Cookies are small text files used to store small pieces of information. They are stored on your device when a website loads in your browser. These cookies help ensure that the website functions properly, enhance security, provide a better browsing experience, and enable performance analysis to identify what works and where improvements are needed.<\/p>\n<\/div>\n\n<h2>How do we use cookies?<\/h2>\n<div class=\"cookie-policy-p\">\n  <p>Like most online services, our website uses both first-party and third-party cookies for different purposes. First-party cookies are generally necessary for the website to function properly and do not collect any personally identifiable data.<\/p>\n  <p>The third-party cookies used on our website primarily help us understand how the website performs, understand how you interact with our content, and keep our services secure, while improving your overall experience and optimising your future interactions with the website.<\/p>\n<\/div>\n\n<h2>Types of cookies we use<\/h2>\n<div class=\"cky-audit-table-element\"><\/div>\n\n<h2 style=\"margin-bottom: 20px\">Manage cookie preferences<\/h2>\n<a class=\"cky-banner-element\">Consent preferences<\/a><br \/>\n\n<div>\n  <p>You can change your preferences at any time by clicking the \u201cConsent preferences\u201d button above. This allows you to reopen the cookie banner and update your choices or withdraw your consent immediately.<\/p>\n  <p>In addition, different browsers provide different ways to block and delete cookies. You can adjust your browser settings to block or delete cookies. Below you will find links to support documents for the main browsers:<\/p>\n\n  <p>Chrome: <a target=\"_blank\" rel=\"noopener noreferrer\" href=\"https:\/\/support.google.com\/accounts\/answer\/32050\">https:\/\/support.google.com\/accounts\/answer\/32050<\/a><\/p>\n  <p>Safari: <a target=\"_blank\" rel=\"noopener noreferrer\" href=\"https:\/\/support.apple.com\/en-in\/guide\/safari\/sfri11471\/mac\">https:\/\/support.apple.com\/en-in\/guide\/safari\/sfri11471\/mac<\/a><\/p>\n  <p>Firefox: <a target=\"_blank\" rel=\"noopener noreferrer\" href=\"https:\/\/support.mozilla.org\/en-US\/kb\/clear-cookies-and-site-data-firefox?redirectslug=delete-cookies-remove-info-websites-stored&redirectlocale=en-US\">https:\/\/support.mozilla.org\/en-US\/kb\/clear-cookies-and-site-data-firefox?redirectslug=delete-cookies-remove-info-websites-stored&redirectlocale=en-US<\/a><\/p>\n  <p>Internet Explorer: <a target=\"_blank\" rel=\"noopener noreferrer\" href=\"https:\/\/support.microsoft.com\/en-us\/topic\/how-to-delete-cookie-files-in-internet-explorer-bca9446f-d873-78de-77ba-d42645fa52fc\">https:\/\/support.microsoft.com\/en-us\/topic\/how-to-delete-cookie-files-in-internet-explorer-bca9446f-d873-78de-77ba-d42645fa52fc<\/a><\/p>\n\n  <p>If you use a different browser, please refer to that browser\u2019s official documentation.<\/p>\n<\/div>\n\n<p class=\"cookie-policy-p\">Cookie Policy generated by <a target=\"_blank\" rel=\"noopener noreferrer\" href=\"https:\/\/www.cookieyes.com\/?utm_source=CP&utm_medium=footer&utm_campaign=UW\">CookieYes - Cookie Policy Generator<\/a><\/p>\n<!-- End CookieYes cookie policy (PT-PT) -->\n\t\t\t\t<\/div>\n\t\t\t\t\t<\/div>\n\t\t\t\t<\/div>\n\t\t\t\t<\/div>\n\t\t\t\t<\/div>","protected":false},"excerpt":{"rendered":"<p>Pol\u00edtica de Cookies Data de entrada em vigor: 08 de janeiro de 2026 \u00daltima atualiza\u00e7\u00e3o: 08 de janeiro de 2026 O que s\u00e3o cookies? Esta Pol\u00edtica de Cookies explica o que s\u00e3o cookies, como os utilizamos, os tipos de cookies que usamos (ou seja, a informa\u00e7\u00e3o que recolhemos atrav\u00e9s de cookies e como essa informa\u00e7\u00e3o [&hellip;]<\/p>\n","protected":false},"author":1,"featured_media":0,"parent":0,"menu_order":0,"comment_status":"closed","ping_status":"closed","template":"","meta":{"footnotes":""},"class_list":["post-4256","page","type-page","status-publish","hentry"],"yoast_head":"<!-- This site is optimized with the Yoast SEO plugin v27.4 - https:\/\/yoast.com\/product\/yoast-seo-wordpress\/ -->\n<title>Pol\u00edtica de Cookies - Orbcom<\/title>\n<meta name=\"robots\" content=\"index, follow, max-snippet:-1, max-image-preview:large, max-video-preview:-1\" \/>\n<link rel=\"canonical\" href=\"https:\/\/orbcom.pt\/en\/cookie-policy\/\" \/>\n<meta property=\"og:locale\" content=\"en_US\" \/>\n<meta property=\"og:type\" content=\"article\" \/>\n<meta property=\"og:title\" content=\"Pol\u00edtica de Cookies - Orbcom\" \/>\n<meta property=\"og:description\" content=\"Pol\u00edtica de Cookies Data de entrada em vigor: 08 de janeiro de 2026 \u00daltima atualiza\u00e7\u00e3o: 08 de janeiro de 2026 O que s\u00e3o cookies? Esta Pol\u00edtica de Cookies explica o que s\u00e3o cookies, como os utilizamos, os tipos de cookies que usamos (ou seja, a informa\u00e7\u00e3o que recolhemos atrav\u00e9s de cookies e como essa informa\u00e7\u00e3o [&hellip;]\" \/>\n<meta property=\"og:url\" content=\"https:\/\/orbcom.pt\/en\/cookie-policy\/\" \/>\n<meta property=\"og:site_name\" content=\"Orbcom\" \/>\n<meta property=\"article:modified_time\" content=\"2026-01-08T14:55:53+00:00\" \/>\n<meta property=\"og:image\" content=\"http:\/\/orbcom.pt\/wp-content\/uploads\/2025\/12\/logo_web-scaled.webp\" \/>\n<meta name=\"twitter:card\" content=\"summary_large_image\" \/>\n<meta name=\"twitter:label1\" content=\"Est. reading time\" \/>\n\t<meta name=\"twitter:data1\" content=\"2 minutes\" \/>\n<script type=\"application\/ld+json\" class=\"yoast-schema-graph\">{\"@context\":\"https:\\\/\\\/schema.org\",\"@graph\":[{\"@type\":\"WebPage\",\"@id\":\"https:\\\/\\\/orbcom.pt\\\/politica-de-cookies\\\/\",\"url\":\"https:\\\/\\\/orbcom.pt\\\/politica-de-cookies\\\/\",\"name\":\"Pol\u00edtica de Cookies - Orbcom\",\"isPartOf\":{\"@id\":\"https:\\\/\\\/orbcom.pt\\\/#website\"},\"primaryImageOfPage\":{\"@id\":\"https:\\\/\\\/orbcom.pt\\\/politica-de-cookies\\\/#primaryimage\"},\"image\":{\"@id\":\"https:\\\/\\\/orbcom.pt\\\/politica-de-cookies\\\/#primaryimage\"},\"thumbnailUrl\":\"http:\\\/\\\/orbcom.pt\\\/wp-content\\\/uploads\\\/2025\\\/12\\\/logo_web-scaled.webp\",\"datePublished\":\"2026-01-08T14:28:31+00:00\",\"dateModified\":\"2026-01-08T14:55:53+00:00\",\"breadcrumb\":{\"@id\":\"https:\\\/\\\/orbcom.pt\\\/politica-de-cookies\\\/#breadcrumb\"},\"inLanguage\":\"en-US\",\"potentialAction\":[{\"@type\":\"ReadAction\",\"target\":[\"https:\\\/\\\/orbcom.pt\\\/politica-de-cookies\\\/\"]}]},{\"@type\":\"ImageObject\",\"inLanguage\":\"en-US\",\"@id\":\"https:\\\/\\\/orbcom.pt\\\/politica-de-cookies\\\/#primaryimage\",\"url\":\"http:\\\/\\\/orbcom.pt\\\/wp-content\\\/uploads\\\/2025\\\/12\\\/logo_web-scaled.webp\",\"contentUrl\":\"http:\\\/\\\/orbcom.pt\\\/wp-content\\\/uploads\\\/2025\\\/12\\\/logo_web-scaled.webp\"},{\"@type\":\"BreadcrumbList\",\"@id\":\"https:\\\/\\\/orbcom.pt\\\/politica-de-cookies\\\/#breadcrumb\",\"itemListElement\":[{\"@type\":\"ListItem\",\"position\":1,\"name\":\"Home\",\"item\":\"https:\\\/\\\/orbcom.pt\\\/\"},{\"@type\":\"ListItem\",\"position\":2,\"name\":\"Pol\u00edtica de Cookies\"}]},{\"@type\":\"WebSite\",\"@id\":\"https:\\\/\\\/orbcom.pt\\\/#website\",\"url\":\"https:\\\/\\\/orbcom.pt\\\/\",\"name\":\"Orbcom\",\"description\":\"\",\"potentialAction\":[{\"@type\":\"SearchAction\",\"target\":{\"@type\":\"EntryPoint\",\"urlTemplate\":\"https:\\\/\\\/orbcom.pt\\\/?s={search_term_string}\"},\"query-input\":{\"@type\":\"PropertyValueSpecification\",\"valueRequired\":true,\"valueName\":\"search_term_string\"}}],\"inLanguage\":\"en-US\"}]}<\/script>\n<!-- \/ Yoast SEO plugin. -->","yoast_head_json":{"title":"Pol\u00edtica de Cookies - Orbcom","robots":{"index":"index","follow":"follow","max-snippet":"max-snippet:-1","max-image-preview":"max-image-preview:large","max-video-preview":"max-video-preview:-1"},"canonical":"https:\/\/orbcom.pt\/en\/cookie-policy\/","og_locale":"en_US","og_type":"article","og_title":"Pol\u00edtica de Cookies - Orbcom","og_description":"Pol\u00edtica de Cookies Data de entrada em vigor: 08 de janeiro de 2026 \u00daltima atualiza\u00e7\u00e3o: 08 de janeiro de 2026 O que s\u00e3o cookies? Esta Pol\u00edtica de Cookies explica o que s\u00e3o cookies, como os utilizamos, os tipos de cookies que usamos (ou seja, a informa\u00e7\u00e3o que recolhemos atrav\u00e9s de cookies e como essa informa\u00e7\u00e3o [&hellip;]","og_url":"https:\/\/orbcom.pt\/en\/cookie-policy\/","og_site_name":"Orbcom","article_modified_time":"2026-01-08T14:55:53+00:00","og_image":[{"url":"http:\/\/orbcom.pt\/wp-content\/uploads\/2025\/12\/logo_web-scaled.webp","type":"","width":"","height":""}],"twitter_card":"summary_large_image","twitter_misc":{"Est. reading time":"2 minutes"},"schema":{"@context":"https:\/\/schema.org","@graph":[{"@type":"WebPage","@id":"https:\/\/orbcom.pt\/politica-de-cookies\/","url":"https:\/\/orbcom.pt\/politica-de-cookies\/","name":"Pol\u00edtica de Cookies - Orbcom","isPartOf":{"@id":"https:\/\/orbcom.pt\/#website"},"primaryImageOfPage":{"@id":"https:\/\/orbcom.pt\/politica-de-cookies\/#primaryimage"},"image":{"@id":"https:\/\/orbcom.pt\/politica-de-cookies\/#primaryimage"},"thumbnailUrl":"http:\/\/orbcom.pt\/wp-content\/uploads\/2025\/12\/logo_web-scaled.webp","datePublished":"2026-01-08T14:28:31+00:00","dateModified":"2026-01-08T14:55:53+00:00","breadcrumb":{"@id":"https:\/\/orbcom.pt\/politica-de-cookies\/#breadcrumb"},"inLanguage":"en-US","potentialAction":[{"@type":"ReadAction","target":["https:\/\/orbcom.pt\/politica-de-cookies\/"]}]},{"@type":"ImageObject","inLanguage":"en-US","@id":"https:\/\/orbcom.pt\/politica-de-cookies\/#primaryimage","url":"http:\/\/orbcom.pt\/wp-content\/uploads\/2025\/12\/logo_web-scaled.webp","contentUrl":"http:\/\/orbcom.pt\/wp-content\/uploads\/2025\/12\/logo_web-scaled.webp"},{"@type":"BreadcrumbList","@id":"https:\/\/orbcom.pt\/politica-de-cookies\/#breadcrumb","itemListElement":[{"@type":"ListItem","position":1,"name":"Home","item":"https:\/\/orbcom.pt\/"},{"@type":"ListItem","position":2,"name":"Pol\u00edtica de Cookies"}]},{"@type":"WebSite","@id":"https:\/\/orbcom.pt\/#website","url":"https:\/\/orbcom.pt\/","name":"Orbcom","description":"","potentialAction":[{"@type":"SearchAction","target":{"@type":"EntryPoint","urlTemplate":"https:\/\/orbcom.pt\/?s={search_term_string}"},"query-input":{"@type":"PropertyValueSpecification","valueRequired":true,"valueName":"search_term_string"}}],"inLanguage":"en-US"}]}},"_links":{"self":[{"href":"https:\/\/orbcom.pt\/en\/wp-json\/wp\/v2\/pages\/4256","targetHints":{"allow":["GET"]}}],"collection":[{"href":"https:\/\/orbcom.pt\/en\/wp-json\/wp\/v2\/pages"}],"about":[{"href":"https:\/\/orbcom.pt\/en\/wp-json\/wp\/v2\/types\/page"}],"author":[{"embeddable":true,"href":"https:\/\/orbcom.pt\/en\/wp-json\/wp\/v2\/users\/1"}],"replies":[{"embeddable":true,"href":"https:\/\/orbcom.pt\/en\/wp-json\/wp\/v2\/comments?post=4256"}],"version-history":[{"count":14,"href":"https:\/\/orbcom.pt\/en\/wp-json\/wp\/v2\/pages\/4256\/revisions"}],"predecessor-version":[{"id":5425,"href":"https:\/\/orbcom.pt\/en\/wp-json\/wp\/v2\/pages\/4256\/revisions\/5425"}],"wp:attachment":[{"href":"https:\/\/orbcom.pt\/en\/wp-json\/wp\/v2\/media?parent=4256"}],"curies":[{"name":"wp","href":"https:\/\/api.w.org\/{rel}","templated":true}]}}